{"id":40,"date":"2018-03-10T14:03:23","date_gmt":"2018-03-10T13:03:23","guid":{"rendered":"http:\/\/fotos.jf-gap.de\/?page_id=40"},"modified":"2026-01-11T18:28:54","modified_gmt":"2026-01-11T17:28:54","slug":"oeffnungszeiten","status":"publish","type":"page","link":"https:\/\/kochelberg-alm.de\/?page_id=40","title":{"rendered":"\u00d6ffnungszeiten"},"content":{"rendered":"\n<p class=\"has-text-align-center\"><h3 style=\"text-align: center;\"><span style=\"color: white;\"><strong>Sylvester und Neujahr von 10:00 bis 18:00 Uhr ge\u00f6ffnet<\/strong><\/span><\/h3><br><h3 style=\"text-align: center;\"><\/h3><h4 style=\"text-align: center;\"><\/h4><\/p>\n\n\n\n<p class=\"has-text-align-center\"><h2 style=\"text-align: center;\"><\/h2><\/p>\n\n\n\n<p class=\"has-text-align-center\"><span style=\"color: #ffffff;\"><span style=\"color: #000000;\">wir haben f\u00fcr Sie an folgenden Zeiten ge\u00f6ffnet:<\/span><\/span><\/p>\n\n\n\n<hr class=\"wp-block-separator has-alpha-channel-opacity is-style-wide\"\/>\n\n\n\n<p class=\"has-text-align-center\"><span style=\"color: #000000;\">\u00d6ffnungszeiten:&nbsp;&nbsp;&nbsp;&nbsp;&nbsp;&nbsp;&nbsp;&nbsp;&nbsp;&nbsp;&nbsp;&nbsp;&nbsp;&nbsp;&nbsp;&nbsp;&nbsp;&nbsp;&nbsp;&nbsp; t\u00e4glich 10:00 &#8211; 18:00 Uhr<\/span><\/p>\n\n\n\n<hr class=\"wp-block-separator has-alpha-channel-opacity is-style-wide\"\/>\n\n\n\n<p class=\"has-text-align-center\"><span style=\"color: #000000;\">Ruhetag:&nbsp;&nbsp;&nbsp;&nbsp;&nbsp;&nbsp;&nbsp;&nbsp;&nbsp;&nbsp;&nbsp;&nbsp;&nbsp;&nbsp;&nbsp;&nbsp;&nbsp;&nbsp;&nbsp;&nbsp;&nbsp;&nbsp;&nbsp;&nbsp;&nbsp;&nbsp;&nbsp;&nbsp;&nbsp;&nbsp;&nbsp;&nbsp; &nbsp; Dienstag und Freitag&nbsp;&nbsp;&nbsp;&nbsp;&nbsp;&nbsp;&nbsp;&nbsp;&nbsp;&nbsp;&nbsp;&nbsp;&nbsp;&nbsp;&nbsp;&nbsp;&nbsp;&nbsp; <strong>&nbsp; an Feiertagen ge\u00f6ffnet<\/strong><\/span><\/p>\n\n\n\n<p class=\"has-text-align-center\"><\/p>\n\n\n\n<p><\/p>\n","protected":false},"excerpt":{"rendered":"<p>Sylvester und Neujahr von 10:00 bis 18:00 Uhr ge\u00f6ffnet wir haben f\u00fcr Sie an folgenden Zeiten ge\u00f6ffnet: \u00d6ffnungszeiten:&nbsp;&nbsp;&nbsp;&nbsp;&nbsp;&nbsp;&nbsp;&nbsp;&nbsp;&nbsp;&nbsp;&nbsp;&nbsp;&nbsp;&nbsp;&nbsp;&nbsp;&nbsp;&nbsp;&nbsp; t\u00e4glich 10:00 &#8211; 18:00 Uhr Ruhetag:&nbsp;&nbsp;&nbsp;&nbsp;&nbsp;&nbsp;&nbsp;&nbsp;&nbsp;&nbsp;&nbsp;&nbsp;&nbsp;&nbsp;&nbsp;&nbsp;&nbsp;&nbsp;&nbsp;&nbsp;&nbsp;&nbsp;&nbsp;&nbsp;&nbsp;&nbsp;&nbsp;&nbsp;&nbsp;&nbsp;&nbsp;&nbsp; &nbsp; Dienstag und Freitag&nbsp;&nbsp;&nbsp;&nbsp;&nbsp;&nbsp;&nbsp;&nbsp;&nbsp;&nbsp;&nbsp;&nbsp;&nbsp;&nbsp;&nbsp;&nbsp;&nbsp;&nbsp; &nbsp; an Feiertagen ge\u00f6ffnet<\/p>\n","protected":false},"author":2,"featured_media":0,"parent":0,"menu_order":0,"comment_status":"closed","ping_status":"closed","template":"","meta":{"footnotes":""},"class_list":["post-40","page","type-page","status-publish","hentry","nodate","item-wrap"],"_links":{"self":[{"href":"https:\/\/kochelberg-alm.de\/index.php?rest_route=\/wp\/v2\/pages\/40","targetHints":{"allow":["GET"]}}],"collection":[{"href":"https:\/\/kochelberg-alm.de\/index.php?rest_route=\/wp\/v2\/pages"}],"about":[{"href":"https:\/\/kochelberg-alm.de\/index.php?rest_route=\/wp\/v2\/types\/page"}],"author":[{"embeddable":true,"href":"https:\/\/kochelberg-alm.de\/index.php?rest_route=\/wp\/v2\/users\/2"}],"replies":[{"embeddable":true,"href":"https:\/\/kochelberg-alm.de\/index.php?rest_route=%2Fwp%2Fv2%2Fcomments&post=40"}],"version-history":[{"count":79,"href":"https:\/\/kochelberg-alm.de\/index.php?rest_route=\/wp\/v2\/pages\/40\/revisions"}],"predecessor-version":[{"id":629,"href":"https:\/\/kochelberg-alm.de\/index.php?rest_route=\/wp\/v2\/pages\/40\/revisions\/629"}],"wp:attachment":[{"href":"https:\/\/kochelberg-alm.de\/index.php?rest_route=%2Fwp%2Fv2%2Fmedia&parent=40"}],"curies":[{"name":"wp","href":"https:\/\/api.w.org\/{rel}","templated":true}]}}